{"id":527,"date":"2024-10-10T16:16:58","date_gmt":"2024-10-10T16:16:58","guid":{"rendered":"https:\/\/educacaoempreendedora.com\/cieeci2025\/?page_id=527"},"modified":"2025-01-30T10:35:37","modified_gmt":"2025-01-30T13:35:37","slug":"cidade-do-evento","status":"publish","type":"page","link":"https:\/\/educacaoempreendedora.com\/cieeci2025\/cidade-do-evento\/","title":{"rendered":"CIDADE DO EVENTO"},"content":{"rendered":"\t\t<div data-elementor-type=\"wp-page\" data-elementor-id=\"527\" class=\"elementor elementor-527\">\n\t\t\t\t<div class=\"elementor-element elementor-element-5888bf4 e-con-full e-flex wpr-particle-no wpr-jarallax-no wpr-parallax-no wpr-sticky-section-no wpr-equal-height-no e-con e-parent\" data-id=\"5888bf4\" data-element_type=\"container\" data-e-type=\"container\">\n\t\t\t\t<\/div>\n\t\t<div class=\"elementor-element elementor-element-68dc197 e-flex e-con-boxed wpr-particle-no wpr-jarallax-no wpr-parallax-no wpr-sticky-section-no wpr-equal-height-no e-con e-parent\" data-id=\"68dc197\" data-element_type=\"container\" data-e-type=\"container\">\n\t\t\t\t\t<div class=\"e-con-inner\">\n\t\t<div class=\"elementor-element elementor-element-ee4d053 e-con-full e-flex wpr-particle-no wpr-jarallax-no wpr-parallax-no wpr-sticky-section-no wpr-equal-height-no e-con e-child\" data-id=\"ee4d053\" data-element_type=\"container\" data-e-type=\"container\">\n\t\t\t\t<\/div>\n\t\t<div class=\"elementor-element elementor-element-c4cc72d e-con-full e-flex wpr-particle-no wpr-jarallax-no wpr-parallax-no wpr-sticky-section-no wpr-equal-height-no e-con e-child\" data-id=\"c4cc72d\" data-element_type=\"container\" data-e-type=\"container\">\n\t\t\t\t<div class=\"elementor-element elementor-element-d7bab9b elementor-widget elementor-widget-text-editor\" data-id=\"d7bab9b\" data-element_type=\"widget\" data-e-type=\"widget\" data-widget_type=\"text-editor.default\">\n\t\t\t\t<div class=\"elementor-widget-container\">\n\t\t\t\t\t\t\t\t\t<p>Aracaju, a vibrante capital de Sergipe, \u00e9 um encontro perfeito entre modernidade, cultura e paisagens deslumbrantes. Com um toque acolhedor em cada detalhe, a cidade oferece experi\u00eancias \u00fanicas para relaxar, se conectar com a natureza e mergulhar na rica cultura nordestina. \u00c9 uma cidade planejada, com ruas arborizadas, vida noturna animada e belas praias urbanas.<\/p><p>A Orla de Atalaia \u00e9 um verdadeiro cart\u00e3o-postal. Com infraestrutura impec\u00e1vel, longas ciclovias, espa\u00e7os gastron\u00f4micos e a brisa do mar, \u00e9 o lugar perfeito para aproveitar o melhor do litoral. Se quiser explorar ainda mais, a Cr\u00f4a do Gor\u00e9 e a Ilha dos Namorados oferecem cen\u00e1rios paradis\u00edacos e momentos inesquec\u00edveis em meio \u00e0 natureza.<\/p><p>O Mercado Municipal e o Museu da Gente Sergipana s\u00e3o paradas obrigat\u00f3rias para quem quer explorar a cultura de Aracaju. No mercado voc\u00ea sente verdadeiramente a cidade, se encantando com artesanatos \u00fanicos e vivendo uma explos\u00e3o de sabores regionais como os deliciosos doces de compotas, cocadas e o tradicional caranguejo. J\u00e1 no museu, com sua proposta moderna e interativa, voc\u00ea imerge nas hist\u00f3rias e tradi\u00e7\u00f5es que representam o melhor de Sergipe.<\/p><p>Aracaju tamb\u00e9m \u00e9 ponto de partida para aventuras inesquec\u00edveis. Os C\u00e2nions do Rio S\u00e3o Francisco oferecem paisagens cinematogr\u00e1ficas, enquanto as cidades hist\u00f3ricas de S\u00e3o Crist\u00f3v\u00e3o e Laranjeiras encantam com seu patrim\u00f4nio cultural e arquitet\u00f4nico, mantendo viva a hist\u00f3ria do Brasil colonial.<\/p><p>Aracaju n\u00e3o \u00e9 apenas um destino, \u00e9 uma experi\u00eancia que fica na mem\u00f3ria. Uma cidade que combina beleza, modernidade e acolhimento Seja para relaxar nas praias, mergulhar na rica cultura nordestina ou descobrir atra\u00e7\u00f5es que encantam e surpreendem, Aracaju impressiona em cada detalhe e deixa uma vontade irresist\u00edvel de voltar.<\/p>\t\t\t\t\t\t\t\t<\/div>\n\t\t\t\t<\/div>\n\t\t\t\t<\/div>\n\t\t<div class=\"elementor-element elementor-element-0585138 e-con-full e-flex wpr-particle-no wpr-jarallax-no wpr-parallax-no wpr-sticky-section-no wpr-equal-height-no e-con e-child\" data-id=\"0585138\" data-element_type=\"container\" data-e-type=\"container\">\n\t\t\t\t<\/div>\n\t\t\t\t\t<\/div>\n\t\t\t\t<\/div>\n\t\t\t\t<\/div>\n\t\t","protected":false},"excerpt":{"rendered":"<p>Aracaju, a vibrante capital de Sergipe, \u00e9 um encontro perfeito entre modernidade, cultura e paisagens deslumbrantes. Com um toque acolhedor em cada detalhe, a cidade oferece experi\u00eancias \u00fanicas para relaxar, se conectar com a natureza e mergulhar na rica cultura nordestina. \u00c9 uma cidade planejada, com ruas arborizadas, vida noturna animada e belas praias urbanas. A Orla de Atalaia \u00e9 um verdadeiro cart\u00e3o-postal. Com infraestrutura impec\u00e1vel, longas ciclovias, espa\u00e7os gastron\u00f4micos e a brisa do mar, \u00e9 o lugar perfeito para aproveitar o melhor do litoral. Se quiser explorar ainda mais, a Cr\u00f4a do Gor\u00e9 e a Ilha dos Namorados oferecem cen\u00e1rios paradis\u00edacos e momentos inesquec\u00edveis em meio \u00e0 natureza. O Mercado Municipal e o Museu da Gente Sergipana s\u00e3o paradas obrigat\u00f3rias para quem quer explorar a cultura de Aracaju. No mercado voc\u00ea sente verdadeiramente a cidade, se encantando com artesanatos \u00fanicos e vivendo uma explos\u00e3o de sabores regionais como os deliciosos doces de compotas, cocadas e o tradicional caranguejo. J\u00e1 no museu, com sua proposta moderna e interativa, voc\u00ea imerge nas hist\u00f3rias e tradi\u00e7\u00f5es que representam o melhor de Sergipe. Aracaju tamb\u00e9m \u00e9 ponto de partida para aventuras inesquec\u00edveis. Os C\u00e2nions do Rio S\u00e3o Francisco oferecem paisagens cinematogr\u00e1ficas, enquanto as cidades hist\u00f3ricas de S\u00e3o Crist\u00f3v\u00e3o e Laranjeiras encantam com seu patrim\u00f4nio cultural e arquitet\u00f4nico, mantendo viva a hist\u00f3ria do Brasil colonial. Aracaju n\u00e3o \u00e9 apenas um destino, \u00e9 uma experi\u00eancia que fica na mem\u00f3ria. Uma cidade que combina beleza, modernidade e acolhimento Seja para relaxar nas praias, mergulhar na rica cultura nordestina ou descobrir atra\u00e7\u00f5es que encantam e surpreendem, Aracaju impressiona em cada detalhe e deixa uma vontade irresist\u00edvel de voltar.<\/p>\n","protected":false},"author":1,"featured_media":0,"parent":0,"menu_order":0,"comment_status":"closed","ping_status":"closed","template":"elementor_header_footer","meta":{"footnotes":""},"class_list":["post-527","page","type-page","status-publish","hentry"],"_links":{"self":[{"href":"https:\/\/educacaoempreendedora.com\/cieeci2025\/wp-json\/wp\/v2\/pages\/527","targetHints":{"allow":["GET"]}}],"collection":[{"href":"https:\/\/educacaoempreendedora.com\/cieeci2025\/wp-json\/wp\/v2\/pages"}],"about":[{"href":"https:\/\/educacaoempreendedora.com\/cieeci2025\/wp-json\/wp\/v2\/types\/page"}],"author":[{"embeddable":true,"href":"https:\/\/educacaoempreendedora.com\/cieeci2025\/wp-json\/wp\/v2\/users\/1"}],"replies":[{"embeddable":true,"href":"https:\/\/educacaoempreendedora.com\/cieeci2025\/wp-json\/wp\/v2\/comments?post=527"}],"version-history":[{"count":37,"href":"https:\/\/educacaoempreendedora.com\/cieeci2025\/wp-json\/wp\/v2\/pages\/527\/revisions"}],"predecessor-version":[{"id":1339,"href":"https:\/\/educacaoempreendedora.com\/cieeci2025\/wp-json\/wp\/v2\/pages\/527\/revisions\/1339"}],"wp:attachment":[{"href":"https:\/\/educacaoempreendedora.com\/cieeci2025\/wp-json\/wp\/v2\/media?parent=527"}],"curies":[{"name":"wp","href":"https:\/\/api.w.org\/{rel}","templated":true}]}}