{"id":519,"date":"2024-10-10T16:07:41","date_gmt":"2024-10-10T16:07:41","guid":{"rendered":"https:\/\/educacaoempreendedora.com\/cieeci2025\/?page_id=519"},"modified":"2025-08-13T16:12:08","modified_gmt":"2025-08-13T19:12:08","slug":"hospedagem","status":"publish","type":"page","link":"https:\/\/educacaoempreendedora.com\/cieeci2025\/hospedagem\/","title":{"rendered":"HOSPEDAGEM"},"content":{"rendered":"\t\t<div data-elementor-type=\"wp-page\" data-elementor-id=\"519\" class=\"elementor elementor-519\">\n\t\t\t\t<div class=\"elementor-element elementor-element-31fbb3c e-flex e-con-boxed wpr-particle-no wpr-jarallax-no wpr-parallax-no wpr-sticky-section-no wpr-equal-height-no e-con e-parent\" data-id=\"31fbb3c\" data-element_type=\"container\" data-e-type=\"container\">\n\t\t\t\t\t<div class=\"e-con-inner\">\n\t\t\t\t<div class=\"elementor-element elementor-element-caac60f elementor-widget elementor-widget-heading\" data-id=\"caac60f\" data-element_type=\"widget\" data-e-type=\"widget\" data-widget_type=\"heading.default\">\n\t\t\t\t<div class=\"elementor-widget-container\">\n\t\t\t\t\t<h2 class=\"elementor-heading-title elementor-size-default\">HOSPEDAGEM<\/h2>\t\t\t\t<\/div>\n\t\t\t\t<\/div>\n\t\t\t\t\t<\/div>\n\t\t\t\t<\/div>\n\t\t<div class=\"elementor-element elementor-element-54b3118 e-flex e-con-boxed wpr-particle-no wpr-jarallax-no wpr-parallax-no wpr-sticky-section-no wpr-equal-height-no e-con e-parent\" data-id=\"54b3118\" data-element_type=\"container\" data-e-type=\"container\">\n\t\t\t\t\t<div class=\"e-con-inner\">\n\t\t\t\t<div class=\"elementor-element elementor-element-730f5e1 elementor-widget elementor-widget-text-editor\" data-id=\"730f5e1\" data-element_type=\"widget\" data-e-type=\"widget\" data-widget_type=\"text-editor.default\">\n\t\t\t\t<div class=\"elementor-widget-container\">\n\t\t\t\t\t\t\t\t\t<p style=\"text-align: center;\"><strong>HOTEL OFICIAL DO EVENTO :\u00a0 HOTEL VIDAM<\/strong><\/p>\t\t\t\t\t\t\t\t<\/div>\n\t\t\t\t<\/div>\n\t\t\t\t\t<\/div>\n\t\t\t\t<\/div>\n\t\t<div class=\"elementor-element elementor-element-7323ab1 e-con-full e-flex wpr-particle-no wpr-jarallax-no wpr-parallax-no wpr-sticky-section-no wpr-equal-height-no e-con e-parent\" data-id=\"7323ab1\" data-element_type=\"container\" data-e-type=\"container\">\n\t\t\t\t<div class=\"elementor-element elementor-element-af26db7 elementor-widget elementor-widget-image\" data-id=\"af26db7\" data-element_type=\"widget\" data-e-type=\"widget\" data-widget_type=\"image.default\">\n\t\t\t\t<div class=\"elementor-widget-container\">\n\t\t\t\t\t\t\t\t\t\t\t\t\t\t\t<img fetchpriority=\"high\" decoding=\"async\" width=\"2500\" height=\"822\" src=\"https:\/\/educacaoempreendedora.com\/cieeci2025\/wp-content\/uploads\/2025\/01\/vidam.jpg\" class=\"attachment-full size-full wp-image-984\" alt=\"\" srcset=\"https:\/\/educacaoempreendedora.com\/cieeci2025\/wp-content\/uploads\/2025\/01\/vidam.jpg 2500w, https:\/\/educacaoempreendedora.com\/cieeci2025\/wp-content\/uploads\/2025\/01\/vidam-300x99.jpg 300w, https:\/\/educacaoempreendedora.com\/cieeci2025\/wp-content\/uploads\/2025\/01\/vidam-1024x337.jpg 1024w, https:\/\/educacaoempreendedora.com\/cieeci2025\/wp-content\/uploads\/2025\/01\/vidam-768x253.jpg 768w, https:\/\/educacaoempreendedora.com\/cieeci2025\/wp-content\/uploads\/2025\/01\/vidam-1536x505.jpg 1536w, https:\/\/educacaoempreendedora.com\/cieeci2025\/wp-content\/uploads\/2025\/01\/vidam-2048x673.jpg 2048w\" sizes=\"(max-width: 2500px) 100vw, 2500px\" \/>\t\t\t\t\t\t\t\t\t\t\t\t\t\t\t<\/div>\n\t\t\t\t<\/div>\n\t\t\t\t<\/div>\n\t\t<div class=\"elementor-element elementor-element-0a382b2 e-flex e-con-boxed wpr-particle-no wpr-jarallax-no wpr-parallax-no wpr-sticky-section-no wpr-equal-height-no e-con e-parent\" data-id=\"0a382b2\" data-element_type=\"container\" data-e-type=\"container\">\n\t\t\t\t\t<div class=\"e-con-inner\">\n\t\t\t\t<div class=\"elementor-element elementor-element-fc4f187 elementor-widget elementor-widget-text-editor\" data-id=\"fc4f187\" data-element_type=\"widget\" data-e-type=\"widget\" data-widget_type=\"text-editor.default\">\n\t\t\t\t<div class=\"elementor-widget-container\">\n\t\t\t\t\t\t\t\t\t<table style=\"border-collapse: separate; border-spacing: 0; width: 100%; border-radius: 10px; overflow: hidden;\"><tbody><tr style=\"background-color: #f2f2f2;\"><th style=\"border: 1px solid #ddd; padding: 8px; text-align: left;\">Hotel<\/th><th style=\"border: 1px solid #ddd; padding: 8px; text-align: left;\">Descri\u00e7\u00e3o<\/th><th style=\"border: 1px solid #ddd; padding: 8px; text-align: left;\">Link<\/th><\/tr><tr style=\"background-color: #ffffff;\"><td style=\"border: 1px solid #ddd; padding: 8px;\"><b>VIDAM Hotel Aracaju<br \/><a href=\"https:\/\/book.omnibees.com\/hotelresults?c=1328&amp;q=12938&amp;hotel_folder=&amp;NRooms=1&amp;CheckIn=15102025&amp;CheckOut=18102025&amp;ad=2&amp;ch=0&amp;ag=&amp;Code=&amp;group_code=&amp;loyalty_code=&amp;lang=pt-BR&amp;currencyId=16&amp;version=4\"><span style=\"color: #ff0000;\">CLIQUE <i>PARA RESERVAR COM 10%<br \/>DE DESCONTO<\/i><\/span><\/a><\/b><\/td><td style=\"border: 1px solid #ddd; padding: 8px;\"><b>Hotel luxuoso na Orla de Atalaia, oferece restaurante, spa, piscina, academia e uma vista panor\u00e2mica. Ideal para uma estadia sofisticada. LOCAL DO EVENTO.\u00a0<\/b><\/td><td style=\"border: 1px solid #ddd; padding: 8px;\"><a href=\"https:\/\/www.hotelvidam.com\">Acesse o site<\/a><\/td><\/tr><tr style=\"background-color: #f9f9f9;\"><td style=\"border: 1px solid #ddd; padding: 8px;\">Real Classic Hotel<\/td><td style=\"border: 1px solid #ddd; padding: 8px;\">Localizado na Orla de Atalaia, ideal para lazer e neg\u00f3cios, com \u00e1reas de eventos, restaurante e piscina. Perto das principais atra\u00e7\u00f5es tur\u00edsticas.<\/td><td style=\"border: 1px solid #ddd; padding: 8px;\"><a href=\"https:\/\/www.realclassichotel.com.br\">Acesse o site<\/a><\/td><\/tr><tr style=\"background-color: #ffffff;\"><td style=\"border: 1px solid #ddd; padding: 8px;\">Celi Hotel Aracaju<br \/><span style=\"color: #ff0000;\"><strong>10% DE DESCONTO PARA OS CONGRESSISTAS<\/strong><\/span><\/td><td style=\"border: 1px solid #ddd; padding: 8px;\">Hotel confort\u00e1vel e elegante com vista para a Orla de Atalaia. Disp\u00f5e de piscina, restaurante, centro de fitness e decora\u00e7\u00e3o que reflete a cultura local.<\/td><td style=\"border: 1px solid #ddd; padding: 8px;\"><a href=\"https:\/\/www.celihotel.com.br\">Acesse o site<\/a><\/td><\/tr><tr style=\"background-color: #f9f9f9;\"><td style=\"border: 1px solid #ddd; padding: 8px;\">Jatob\u00e1 Praia Hotel<\/td><td style=\"border: 1px solid #ddd; padding: 8px;\">Localizado pr\u00f3ximo \u00e0 Passarela do Caranguejo, oferece acomoda\u00e7\u00f5es confort\u00e1veis, piscina e caf\u00e9 da manh\u00e3 com vista para o mar. Ideal para quem busca bom custo-benef\u00edcio.<\/td><td style=\"border: 1px solid #ddd; padding: 8px;\"><a href=\"https:\/\/www.jatobahotel.com.br\">Acesse o site<\/a><\/td><\/tr><tr style=\"background-color: #ffffff;\"><td style=\"border: 1px solid #ddd; padding: 8px;\">Makai Resort All Inclusive Aracaju<\/td><td style=\"border: 1px solid #ddd; padding: 8px;\">Resort all-inclusive na Ilha de Santa Luzia, com diversas op\u00e7\u00f5es de lazer, esportes, spa e alimenta\u00e7\u00e3o completa. Perfeito para relaxar sem sair do resort.<\/td><td style=\"border: 1px solid #ddd; padding: 8px;\"><a href=\"https:\/\/www.makairesort.com.br\">Acesse o site<\/a><\/td><\/tr><\/tbody><\/table>\t\t\t\t\t\t\t\t<\/div>\n\t\t\t\t<\/div>\n\t\t\t\t\t<\/div>\n\t\t\t\t<\/div>\n\t\t\t\t<\/div>\n\t\t","protected":false},"excerpt":{"rendered":"<p>HOSPEDAGEM HOTEL OFICIAL DO EVENTO :\u00a0 HOTEL VIDAM Hotel Descri\u00e7\u00e3o Link VIDAM Hotel AracajuCLIQUE PARA RESERVAR COM 10%DE DESCONTO Hotel luxuoso na Orla de Atalaia, oferece restaurante, spa, piscina, academia e uma vista panor\u00e2mica. Ideal para uma estadia sofisticada. LOCAL DO EVENTO.\u00a0 Acesse o site Real Classic Hotel Localizado na Orla de Atalaia, ideal para lazer e neg\u00f3cios, com \u00e1reas de eventos, restaurante e piscina. Perto das principais atra\u00e7\u00f5es tur\u00edsticas. Acesse o site Celi Hotel Aracaju10% DE DESCONTO PARA OS CONGRESSISTAS Hotel confort\u00e1vel e elegante com vista para a Orla de Atalaia. Disp\u00f5e de piscina, restaurante, centro de fitness e decora\u00e7\u00e3o que reflete a cultura local. Acesse o site Jatob\u00e1 Praia Hotel Localizado pr\u00f3ximo \u00e0 Passarela do Caranguejo, oferece acomoda\u00e7\u00f5es confort\u00e1veis, piscina e caf\u00e9 da manh\u00e3 com vista para o mar. Ideal para quem busca bom custo-benef\u00edcio. Acesse o site Makai Resort All Inclusive Aracaju Resort all-inclusive na Ilha de Santa Luzia, com diversas op\u00e7\u00f5es de lazer, esportes, spa e alimenta\u00e7\u00e3o completa. Perfeito para relaxar sem sair do resort. Acesse o site<\/p>\n","protected":false},"author":1,"featured_media":0,"parent":0,"menu_order":0,"comment_status":"closed","ping_status":"closed","template":"elementor_header_footer","meta":{"footnotes":""},"class_list":["post-519","page","type-page","status-publish","hentry"],"_links":{"self":[{"href":"https:\/\/educacaoempreendedora.com\/cieeci2025\/wp-json\/wp\/v2\/pages\/519","targetHints":{"allow":["GET"]}}],"collection":[{"href":"https:\/\/educacaoempreendedora.com\/cieeci2025\/wp-json\/wp\/v2\/pages"}],"about":[{"href":"https:\/\/educacaoempreendedora.com\/cieeci2025\/wp-json\/wp\/v2\/types\/page"}],"author":[{"embeddable":true,"href":"https:\/\/educacaoempreendedora.com\/cieeci2025\/wp-json\/wp\/v2\/users\/1"}],"replies":[{"embeddable":true,"href":"https:\/\/educacaoempreendedora.com\/cieeci2025\/wp-json\/wp\/v2\/comments?post=519"}],"version-history":[{"count":31,"href":"https:\/\/educacaoempreendedora.com\/cieeci2025\/wp-json\/wp\/v2\/pages\/519\/revisions"}],"predecessor-version":[{"id":2222,"href":"https:\/\/educacaoempreendedora.com\/cieeci2025\/wp-json\/wp\/v2\/pages\/519\/revisions\/2222"}],"wp:attachment":[{"href":"https:\/\/educacaoempreendedora.com\/cieeci2025\/wp-json\/wp\/v2\/media?parent=519"}],"curies":[{"name":"wp","href":"https:\/\/api.w.org\/{rel}","templated":true}]}}